{"id":6,"date":"2021-12-04T14:47:47","date_gmt":"2021-12-04T13:47:47","guid":{"rendered":"http:\/\/www.marinsdetoujours.com\/?page_id=6"},"modified":"2022-02-08T10:40:21","modified_gmt":"2022-02-08T09:40:21","slug":"le-nouveau-e-mucem-ouvre-ses-portes-2","status":"publish","type":"page","link":"https:\/\/www.marinsdetoujours.com\/","title":{"rendered":"Marins de toujours"},"content":{"rendered":"\n<div class=\"wp-block-group alignwide is-layout-flow wp-block-group-is-layout-flow\"><div class=\"wp-block-group__inner-container\">\n<p>L&#8217;association &#8220;Marins de Toujours&#8221; a pour but la restauration d&#8217;un grand canot de 10m pour sa mise \u00e0 la disposition des \u00e9l\u00e8ves du Lyc\u00e9e Maritime de Ciboure dans un cadre p\u00e9dagogique, sportif et ludique.<\/p>\n\n\n\n<p>Le si\u00e8ge social est le lyc\u00e9e maritime de Ciboure, le Conseil d&#8217;Administration est compos\u00e9 majoritairement de permanents du lyc\u00e9e.<\/p>\n\n\n\n<p>Les objectifs sont ainsi inscrits dans les statuts&nbsp;:<\/p>\n\n\n\n<ul><li>Participer \u00e0 la sauvegarde d&#8217;un ancien bateau type canot de 10m<\/li><\/ul>\n\n\n\n<ul><li>R\u00e9unir les moyens financiers pour la restauration de ce canot, son entretien, et son fonctionnement<\/li><\/ul>\n\n\n\n<ul><li>Promouvoir le go\u00fbt pour la marine \u00e0 voile et aviron aupr\u00e8s des jeunes futurs marins de la p\u00eache, du commerce, de la Marine Nationale<\/li><\/ul>\n\n\n\n<ul><li>Am\u00e9liorer la connaissance par les jeunes du patrimoine maritime (man\u0153uvre, navigation, matelotage, cartographie)<\/li><\/ul>\n\n\n\n<ul><li>Sensibiliser \u00e0 la protection de l&#8217;environnement oc\u00e9anique, \u00e0 l&#8217;histoire et aux enjeux maritimes.<\/li><\/ul>\n\n\n\n<p>Le canot sera pr\u00e9sent aux f\u00eates de la mer de la ville de Saint-Jean-de-Luz et \u00e0 toutes autres manifestations \u00e0 caract\u00e8re nautique. Il sera \u00e9galement mis \u00e0 la disposition des jeunes volontaires de la Pr\u00e9paration Militaire Marine de Bayonne.<\/p>\n\n\n\n<p>Dans la mesure o\u00f9 notre association n&#8217;est pas une structure priv\u00e9e mais que sa p\u00e9rennit\u00e9 est assur\u00e9e par la dimension publique du lyc\u00e9e maritime, ce projet a su attirer toute l&#8217;attention bienveillante des collectivit\u00e9s locales. Le financement proviendra \u00e9galement des cotisations et des dons re\u00e7us par l&#8217;association.<\/p>\n\n\n\n<h2 class=\"wp-block-heading\">Pour nous aider c&#8217;est <a href=\"https:\/\/www.marinsdetoujours.com\/?page_id=69\" data-type=\"URL\" data-id=\"https:\/\/www.marinsdetoujours.com\/?page_id=69\"><strong>ici<\/strong><\/a> .<\/h2>\n<\/div><\/div>\n\n\n\n<div class=\"wp-block-group is-layout-flow wp-block-group-is-layout-flow\"><div class=\"wp-block-group__inner-container\">\n<div class=\"wp-block-columns is-layout-flex wp-container-core-columns-layout-2 wp-block-columns-is-layout-flex\">\n<div class=\"wp-block-column is-layout-flow wp-block-column-is-layout-flow\" style=\"flex-basis:100%\">\n<div class=\"wp-block-columns is-layout-flex wp-container-core-columns-layout-1 wp-block-columns-is-layout-flex\">\n<div class=\"wp-block-column is-layout-flow wp-block-column-is-layout-flow\">\n<figure class=\"wp-block-image size-full is-resized\"><img loading=\"lazy\" decoding=\"async\" src=\"https:\/\/www.marinsdetoujours.com\/wp-content\/uploads\/2021\/12\/1.-Arrivee-Guiche-2.jpg\" alt=\"\" class=\"wp-image-82\" width=\"407\" height=\"271\"\/><\/figure>\n\n\n\n<p class=\"has-text-align-center\"><em>Le jour de son arriv\u00e9e \u00e0 Guiche&#8230;<\/em><\/p>\n<\/div>\n\n\n\n<div class=\"wp-block-column is-layout-flow wp-block-column-is-layout-flow\">\n<figure class=\"wp-block-image size-full is-resized\"><img loading=\"lazy\" decoding=\"async\" src=\"https:\/\/www.marinsdetoujours.com\/wp-content\/uploads\/2021\/12\/2-Demain-1.jpg\" alt=\"\" class=\"wp-image-83\" width=\"404\" height=\"269\"\/><\/figure>\n\n\n\n<p class=\"has-text-align-center\"><em>&#8230; et demain !<\/em><\/p>\n<\/div>\n<\/div>\n<\/div>\n<\/div>\n<\/div><\/div>\n","protected":false},"excerpt":{"rendered":"<p>L&#8217;association &#8220;Marins de Toujours&#8221; a pour but la restauration d&#8217;un grand canot de 10m pour sa mise \u00e0 la disposition des \u00e9l\u00e8ves du Lyc\u00e9e Maritime de Ciboure dans un cadre p\u00e9dagogique, sportif et ludique. Le si\u00e8ge social est le lyc\u00e9e maritime de Ciboure, le Conseil d&#8217;Administration est compos\u00e9 majoritairement de permanents du lyc\u00e9e. Les objectifs [&hellip;]<\/p>\n","protected":false},"author":1,"featured_media":0,"parent":0,"menu_order":0,"comment_status":"closed","ping_status":"closed","template":"","meta":{"footnotes":""},"_links":{"self":[{"href":"https:\/\/www.marinsdetoujours.com\/index.php?rest_route=\/wp\/v2\/pages\/6"}],"collection":[{"href":"https:\/\/www.marinsdetoujours.com\/index.php?rest_route=\/wp\/v2\/pages"}],"about":[{"href":"https:\/\/www.marinsdetoujours.com\/index.php?rest_route=\/wp\/v2\/types\/page"}],"author":[{"embeddable":true,"href":"https:\/\/www.marinsdetoujours.com\/index.php?rest_route=\/wp\/v2\/users\/1"}],"replies":[{"embeddable":true,"href":"https:\/\/www.marinsdetoujours.com\/index.php?rest_route=%2Fwp%2Fv2%2Fcomments&post=6"}],"version-history":[{"count":20,"href":"https:\/\/www.marinsdetoujours.com\/index.php?rest_route=\/wp\/v2\/pages\/6\/revisions"}],"predecessor-version":[{"id":140,"href":"https:\/\/www.marinsdetoujours.com\/index.php?rest_route=\/wp\/v2\/pages\/6\/revisions\/140"}],"wp:attachment":[{"href":"https:\/\/www.marinsdetoujours.com\/index.php?rest_route=%2Fwp%2Fv2%2Fmedia&parent=6"}],"curies":[{"name":"wp","href":"https:\/\/api.w.org\/{rel}","templated":true}]}}